{"id":10,"date":"2021-11-29T09:08:39","date_gmt":"2021-11-29T09:08:39","guid":{"rendered":"https:\/\/dust2air.com\/?page_id=10"},"modified":"2022-02-23T10:58:38","modified_gmt":"2022-02-23T08:58:38","slug":"home","status":"publish","type":"page","link":"https:\/\/dust2air.com\/nl\/","title":{"rendered":"Home"},"content":{"rendered":"<div data-elementor-type=\"wp-page\" data-elementor-id=\"10\" class=\"elementor elementor-10\" data-elementor-post-type=\"page\">\n\t\t\t\t\t\t<section class=\"elementor-section elementor-top-section elementor-element elementor-element-0baa542 elementor-section-full_width elementor-hidden-mobile elementor-section-height-default elementor-section-height-default\" data-id=\"0baa542\" data-element_type=\"section\" data-e-type=\"section\">\n\t\t\t\t\t\t<div class=\"elementor-container elementor-column-gap-default\">\n\t\t\t\t\t<div class=\"elementor-column elementor-col-50 elementor-top-column elementor-element elementor-element-4e87087\" data-id=\"4e87087\" data-element_type=\"column\" data-e-type=\"column\" data-settings=\"{&quot;background_background&quot;:&quot;classic&quot;}\">\n\t\t\t<div class=\"elementor-widget-wrap elementor-element-populated\">\n\t\t\t\t\t\t<div class=\"elementor-element elementor-element-b4f38bc elementor-widget elementor-widget-spacer\" data-id=\"b4f38bc\" data-element_type=\"widget\" data-e-type=\"widget\" data-widget_type=\"spacer.default\">\n\t\t\t\t<div class=\"elementor-widget-container\">\n\t\t\t\t\t\t\t<div class=\"elementor-spacer\">\n\t\t\t<div class=\"elementor-spacer-inner\"><\/div>\n\t\t<\/div>\n\t\t\t\t\t\t<\/div>\n\t\t\t\t<\/div>\n\t\t\t\t\t<\/div>\n\t\t<\/div>\n\t\t\t\t<div class=\"elementor-column elementor-col-50 elementor-top-column elementor-element elementor-element-626c455\" data-id=\"626c455\" data-element_type=\"column\" data-e-type=\"column\" data-settings=\"{&quot;background_background&quot;:&quot;classic&quot;}\">\n\t\t\t<div class=\"elementor-widget-wrap elementor-element-populated\">\n\t\t\t\t\t\t<div class=\"elementor-element elementor-element-822f52a elementor-widget elementor-widget-spacer\" data-id=\"822f52a\" data-element_type=\"widget\" data-e-type=\"widget\" data-widget_type=\"spacer.default\">\n\t\t\t\t<div class=\"elementor-widget-container\">\n\t\t\t\t\t\t\t<div class=\"elementor-spacer\">\n\t\t\t<div class=\"elementor-spacer-inner\"><\/div>\n\t\t<\/div>\n\t\t\t\t\t\t<\/div>\n\t\t\t\t<\/div>\n\t\t\t\t\t<\/div>\n\t\t<\/div>\n\t\t\t\t\t<\/div>\n\t\t<\/section>\n\t\t\t\t<section class=\"elementor-section elementor-top-section elementor-element elementor-element-b7484db elementor-section-full_width elementor-section-height-default elementor-section-height-default\" data-id=\"b7484db\" data-element_type=\"section\" data-e-type=\"section\" id=\"hoofdbanner\" data-settings=\"{&quot;background_background&quot;:&quot;video&quot;,&quot;background_video_link&quot;:&quot;https:\\\/\\\/youtu.be\\\/DtehlwwMATA&quot;,&quot;background_play_on_mobile&quot;:&quot;yes&quot;}\">\n\t\t\t\t\t\t\t\t<div class=\"elementor-background-video-container\">\n\t\t\t\t\t\t\t\t\t\t\t\t\t<div class=\"elementor-background-video-embed\" role=\"presentation\"><\/div>\n\t\t\t\t\t\t\t\t\t\t\t\t<\/div>\n\t\t\t\t\t\t\t\t\t<div class=\"elementor-background-overlay\"><\/div>\n\t\t\t\t\t\t\t<div class=\"elementor-container elementor-column-gap-default\">\n\t\t\t\t\t<div class=\"elementor-column elementor-col-100 elementor-top-column elementor-element elementor-element-2c93911\" data-id=\"2c93911\" data-element_type=\"column\" data-e-type=\"column\">\n\t\t\t<div class=\"elementor-widget-wrap elementor-element-populated\">\n\t\t\t\t\t\t<div class=\"elementor-element elementor-element-8c04c62 elementor-hidden-mobile elementor-invisible elementor-widget elementor-widget-heading\" data-id=\"8c04c62\" data-element_type=\"widget\" data-e-type=\"widget\" data-settings=\"{&quot;_animation&quot;:&quot;fadeIn&quot;}\" data-widget_type=\"heading.default\">\n\t\t\t\t<div class=\"elementor-widget-container\">\n\t\t\t\t\t<h2 class=\"elementor-heading-title elementor-size-default\">Zet in enkele minuten een stofbarri\u00e8re op,<br \/>geen ladders, geen tape, geen schade. <\/h2>\t\t\t\t<\/div>\n\t\t\t\t<\/div>\n\t\t\t\t<div class=\"elementor-element elementor-element-09a6cbe elementor-hidden-desktop elementor-hidden-tablet elementor-invisible elementor-widget elementor-widget-heading\" data-id=\"09a6cbe\" data-element_type=\"widget\" data-e-type=\"widget\" data-settings=\"{&quot;_animation&quot;:&quot;fadeIn&quot;}\" data-widget_type=\"heading.default\">\n\t\t\t\t<div class=\"elementor-widget-container\">\n\t\t\t\t\t<h2 class=\"elementor-heading-title elementor-size-default\">Zet een stofbarri\u00e8re op in enkele minuten, geen ladders, geen tape, geen schade. <\/h2>\t\t\t\t<\/div>\n\t\t\t\t<\/div>\n\t\t\t\t<div class=\"elementor-element elementor-element-087040d elementor-align-left elementor-widget__width-auto elementor-invisible elementor-widget elementor-widget-button\" data-id=\"087040d\" data-element_type=\"widget\" data-e-type=\"widget\" data-settings=\"{&quot;_animation&quot;:&quot;fadeIn&quot;,&quot;_animation_delay&quot;:200}\" data-widget_type=\"button.default\">\n\t\t\t\t<div class=\"elementor-widget-container\">\n\t\t\t\t\t\t\t\t\t<div class=\"elementor-button-wrapper\">\n\t\t\t\t\t<a class=\"elementor-button elementor-button-link elementor-size-md\" href=\"#producten\">\n\t\t\t\t\t\t<span class=\"elementor-button-content-wrapper\">\n\t\t\t\t\t\t\t\t\t<span class=\"elementor-button-text\">Onze producten<\/span>\n\t\t\t\t\t<\/span>\n\t\t\t\t\t<\/a>\n\t\t\t\t<\/div>\n\t\t\t\t\t\t\t\t<\/div>\n\t\t\t\t<\/div>\n\t\t\t\t<div class=\"elementor-element elementor-element-372cf81 elementor-align-left elementor-widget__width-auto elementor-invisible elementor-widget elementor-widget-button\" data-id=\"372cf81\" data-element_type=\"widget\" data-e-type=\"widget\" data-settings=\"{&quot;_animation&quot;:&quot;fadeIn&quot;,&quot;_animation_delay&quot;:200}\" data-widget_type=\"button.default\">\n\t\t\t\t<div class=\"elementor-widget-container\">\n\t\t\t\t\t\t\t\t\t<div class=\"elementor-button-wrapper\">\n\t\t\t\t\t<a class=\"elementor-button elementor-button-link elementor-size-md\" href=\"https:\/\/dust2air.com\/nl\/contact\/\">\n\t\t\t\t\t\t<span class=\"elementor-button-content-wrapper\">\n\t\t\t\t\t\t\t\t\t<span class=\"elementor-button-text\">Neem contact op<\/span>\n\t\t\t\t\t<\/span>\n\t\t\t\t\t<\/a>\n\t\t\t\t<\/div>\n\t\t\t\t\t\t\t\t<\/div>\n\t\t\t\t<\/div>\n\t\t\t\t\t<\/div>\n\t\t<\/div>\n\t\t\t\t\t<\/div>\n\t\t<\/section>\n\t\t\t\t<section class=\"elementor-section elementor-top-section elementor-element elementor-element-3ed3b40 elementor-section-boxed elementor-section-height-default elementor-section-height-default\" data-id=\"3ed3b40\" data-element_type=\"section\" data-e-type=\"section\" id=\"producten\">\n\t\t\t\t\t\t<div class=\"elementor-container elementor-column-gap-default\">\n\t\t\t\t\t<div class=\"elementor-column elementor-col-33 elementor-top-column elementor-element elementor-element-cecd6ee elementor-invisible\" data-id=\"cecd6ee\" data-element_type=\"column\" data-e-type=\"column\" data-settings=\"{&quot;background_background&quot;:&quot;classic&quot;,&quot;animation&quot;:&quot;fadeInUp&quot;}\">\n\t\t\t<div class=\"elementor-widget-wrap elementor-element-populated\">\n\t\t\t\t\t\t<div class=\"elementor-element elementor-element-61cdfe2 elementor-widget elementor-widget-image\" data-id=\"61cdfe2\" data-element_type=\"widget\" data-e-type=\"widget\" data-widget_type=\"image.default\">\n\t\t\t\t<div class=\"elementor-widget-container\">\n\t\t\t\t\t\t\t\t\t\t\t\t\t\t\t<img fetchpriority=\"high\" decoding=\"async\" width=\"451\" height=\"116\" src=\"https:\/\/dust2air.com\/wp-content\/uploads\/2021\/11\/ZipWall-Logo.jpg\" class=\"attachment-large size-large wp-image-32\" alt=\"\" srcset=\"https:\/\/dust2air.com\/wp-content\/uploads\/2021\/11\/ZipWall-Logo.jpg 451w, https:\/\/dust2air.com\/wp-content\/uploads\/2021\/11\/ZipWall-Logo-300x77.jpg 300w\" sizes=\"(max-width: 451px) 100vw, 451px\" \/>\t\t\t\t\t\t\t\t\t\t\t\t\t\t\t<\/div>\n\t\t\t\t<\/div>\n\t\t\t\t<div class=\"elementor-element elementor-element-a4d3d09 elementor-widget elementor-widget-text-editor\" data-id=\"a4d3d09\" data-element_type=\"widget\" data-e-type=\"widget\" id=\"mintekst\" data-widget_type=\"text-editor.default\">\n\t\t\t\t<div class=\"elementor-widget-container\">\n\t\t\t\t\t\t\t\t\tDe ZipWall\u00ae verende palen cre\u00ebren een stofbarri\u00e8re tot 6,1m hoog. Alle zijden van de barri\u00e8re zijn in enkele seconden goed afgedicht met FoamRailTM-tapeless afdichtingen. Het ZipWall\u00ae systeem, compleet met speciale artikelen en kant-en-klare kits, biedt professionele aannemers snelle en eenvoudige oplossingen voor stofbescherming.\t\t\t\t\t\t\t\t<\/div>\n\t\t\t\t<\/div>\n\t\t\t\t<div class=\"elementor-element elementor-element-e1ce0fe elementor-align-left elementor-widget__width-auto elementor-widget elementor-widget-button\" data-id=\"e1ce0fe\" data-element_type=\"widget\" data-e-type=\"widget\" data-widget_type=\"button.default\">\n\t\t\t\t<div class=\"elementor-widget-container\">\n\t\t\t\t\t\t\t\t\t<div class=\"elementor-button-wrapper\">\n\t\t\t\t\t<a class=\"elementor-button elementor-button-link elementor-size-sm\" href=\"https:\/\/dust2air.com\/nl\/zipwall\/\">\n\t\t\t\t\t\t<span class=\"elementor-button-content-wrapper\">\n\t\t\t\t\t\t\t\t\t<span class=\"elementor-button-text\">Meer informatie<\/span>\n\t\t\t\t\t<\/span>\n\t\t\t\t\t<\/a>\n\t\t\t\t<\/div>\n\t\t\t\t\t\t\t\t<\/div>\n\t\t\t\t<\/div>\n\t\t\t\t\t<\/div>\n\t\t<\/div>\n\t\t\t\t<div class=\"elementor-column elementor-col-33 elementor-top-column elementor-element elementor-element-96bb597 elementor-invisible\" data-id=\"96bb597\" data-element_type=\"column\" data-e-type=\"column\" data-settings=\"{&quot;background_background&quot;:&quot;classic&quot;,&quot;animation&quot;:&quot;fadeInUp&quot;,&quot;animation_delay&quot;:100}\">\n\t\t\t<div class=\"elementor-widget-wrap elementor-element-populated\">\n\t\t\t\t\t\t<div class=\"elementor-element elementor-element-ab293c8 elementor-widget elementor-widget-image\" data-id=\"ab293c8\" data-element_type=\"widget\" data-e-type=\"widget\" data-widget_type=\"image.default\">\n\t\t\t\t<div class=\"elementor-widget-container\">\n\t\t\t\t\t\t\t\t\t\t\t\t\t\t\t<img decoding=\"async\" width=\"800\" height=\"245\" src=\"https:\/\/dust2air.com\/wp-content\/uploads\/2021\/11\/LOGO-DRYFAST-NIEUW-1024x314.png\" class=\"attachment-large size-large wp-image-33\" alt=\"\" srcset=\"https:\/\/dust2air.com\/wp-content\/uploads\/2021\/11\/LOGO-DRYFAST-NIEUW-1024x314.png 1024w, https:\/\/dust2air.com\/wp-content\/uploads\/2021\/11\/LOGO-DRYFAST-NIEUW-600x184.png 600w, https:\/\/dust2air.com\/wp-content\/uploads\/2021\/11\/LOGO-DRYFAST-NIEUW-300x92.png 300w, https:\/\/dust2air.com\/wp-content\/uploads\/2021\/11\/LOGO-DRYFAST-NIEUW-768x235.png 768w, https:\/\/dust2air.com\/wp-content\/uploads\/2021\/11\/LOGO-DRYFAST-NIEUW-1536x471.png 1536w, https:\/\/dust2air.com\/wp-content\/uploads\/2021\/11\/LOGO-DRYFAST-NIEUW-2048x628.png 2048w\" sizes=\"(max-width: 800px) 100vw, 800px\" \/>\t\t\t\t\t\t\t\t\t\t\t\t\t\t\t<\/div>\n\t\t\t\t<\/div>\n\t\t\t\t<div class=\"elementor-element elementor-element-196d4a4 elementor-widget elementor-widget-text-editor\" data-id=\"196d4a4\" data-element_type=\"widget\" data-e-type=\"widget\" id=\"mintekst\" data-widget_type=\"text-editor.default\">\n\t\t\t\t<div class=\"elementor-widget-container\">\n\t\t\t\t\t\t\t\t\tDryfast biedt een breed assortiment ventilatoren, luchtfilterunits en aanverwante artikelen op het gebied van stofvrij werken. Deze hightech kwaliteitsproducten zorgen voor een gezondere werkomgeving en een betere luchtkwaliteit. Bovendien voorkomen ze dat fijnstof zich verspreidt en schone ruimten vervuilt.\t\t\t\t\t\t\t\t<\/div>\n\t\t\t\t<\/div>\n\t\t\t\t<div class=\"elementor-element elementor-element-ce7bee2 elementor-align-left elementor-widget__width-auto elementor-widget elementor-widget-button\" data-id=\"ce7bee2\" data-element_type=\"widget\" data-e-type=\"widget\" data-widget_type=\"button.default\">\n\t\t\t\t<div class=\"elementor-widget-container\">\n\t\t\t\t\t\t\t\t\t<div class=\"elementor-button-wrapper\">\n\t\t\t\t\t<a class=\"elementor-button elementor-button-link elementor-size-sm\" href=\"https:\/\/dust2air.com\/nl\/dryfast\/\">\n\t\t\t\t\t\t<span class=\"elementor-button-content-wrapper\">\n\t\t\t\t\t\t\t\t\t<span class=\"elementor-button-text\">Meer informatie<\/span>\n\t\t\t\t\t<\/span>\n\t\t\t\t\t<\/a>\n\t\t\t\t<\/div>\n\t\t\t\t\t\t\t\t<\/div>\n\t\t\t\t<\/div>\n\t\t\t\t\t<\/div>\n\t\t<\/div>\n\t\t\t\t<div class=\"elementor-column elementor-col-33 elementor-top-column elementor-element elementor-element-591c80d elementor-invisible\" data-id=\"591c80d\" data-element_type=\"column\" data-e-type=\"column\" data-settings=\"{&quot;background_background&quot;:&quot;classic&quot;,&quot;animation&quot;:&quot;fadeInUp&quot;,&quot;animation_delay&quot;:200}\">\n\t\t\t<div class=\"elementor-widget-wrap elementor-element-populated\">\n\t\t\t\t\t\t<div class=\"elementor-element elementor-element-2e759fc elementor-widget elementor-widget-image\" data-id=\"2e759fc\" data-element_type=\"widget\" data-e-type=\"widget\" data-widget_type=\"image.default\">\n\t\t\t\t<div class=\"elementor-widget-container\">\n\t\t\t\t\t\t\t\t\t\t\t\t\t\t\t<img decoding=\"async\" width=\"800\" height=\"208\" src=\"https:\/\/dust2air.com\/wp-content\/uploads\/2021\/11\/Logo_Option1-1024x266.jpg\" class=\"attachment-large size-large wp-image-34\" alt=\"\" srcset=\"https:\/\/dust2air.com\/wp-content\/uploads\/2021\/11\/Logo_Option1-1024x266.jpg 1024w, https:\/\/dust2air.com\/wp-content\/uploads\/2021\/11\/Logo_Option1-scaled-600x156.jpg 600w, https:\/\/dust2air.com\/wp-content\/uploads\/2021\/11\/Logo_Option1-300x78.jpg 300w, https:\/\/dust2air.com\/wp-content\/uploads\/2021\/11\/Logo_Option1-768x199.jpg 768w, https:\/\/dust2air.com\/wp-content\/uploads\/2021\/11\/Logo_Option1-1536x399.jpg 1536w, https:\/\/dust2air.com\/wp-content\/uploads\/2021\/11\/Logo_Option1-2048x531.jpg 2048w\" sizes=\"(max-width: 800px) 100vw, 800px\" \/>\t\t\t\t\t\t\t\t\t\t\t\t\t\t\t<\/div>\n\t\t\t\t<\/div>\n\t\t\t\t<div class=\"elementor-element elementor-element-536c8c4 elementor-widget elementor-widget-text-editor\" data-id=\"536c8c4\" data-element_type=\"widget\" data-e-type=\"widget\" id=\"mintekst\" data-widget_type=\"text-editor.default\">\n\t\t\t\t<div class=\"elementor-widget-container\">\n\t\t\t\t\t\t\t\t\tDe originele CleanBoot\u00ae. Een wasbare, herbruikbare 100% neopreen overschoen met een perfecte pasvorm en een gegolfde zool voor extra grip op afgewerkte vloeren. De milieuvriendelijke oplossing voor wegwerp overschoenen helpt de ecologische voetafdruk te verkleinen en laat uw klant zien dat u echt om hun eigendom geeft.\t\t\t\t\t\t\t\t<\/div>\n\t\t\t\t<\/div>\n\t\t\t\t<div class=\"elementor-element elementor-element-bd3e267 elementor-align-left elementor-widget__width-auto elementor-widget elementor-widget-button\" data-id=\"bd3e267\" data-element_type=\"widget\" data-e-type=\"widget\" data-widget_type=\"button.default\">\n\t\t\t\t<div class=\"elementor-widget-container\">\n\t\t\t\t\t\t\t\t\t<div class=\"elementor-button-wrapper\">\n\t\t\t\t\t<a class=\"elementor-button elementor-button-link elementor-size-sm\" href=\"https:\/\/dust2air.com\/nl\/cleanboot\/\">\n\t\t\t\t\t\t<span class=\"elementor-button-content-wrapper\">\n\t\t\t\t\t\t\t\t\t<span class=\"elementor-button-text\">Meer informatie<\/span>\n\t\t\t\t\t<\/span>\n\t\t\t\t\t<\/a>\n\t\t\t\t<\/div>\n\t\t\t\t\t\t\t\t<\/div>\n\t\t\t\t<\/div>\n\t\t\t\t\t<\/div>\n\t\t<\/div>\n\t\t\t\t\t<\/div>\n\t\t<\/section>\n\t\t\t\t<section class=\"elementor-section elementor-top-section elementor-element elementor-element-f0b1896 elementor-section-height-min-height elementor-section-boxed elementor-section-height-default elementor-section-items-middle\" data-id=\"f0b1896\" data-element_type=\"section\" data-e-type=\"section\" data-settings=\"{&quot;background_background&quot;:&quot;classic&quot;}\">\n\t\t\t\t\t\t\t<div class=\"elementor-background-overlay\"><\/div>\n\t\t\t\t\t\t\t<div class=\"elementor-container elementor-column-gap-default\">\n\t\t\t\t\t<div class=\"elementor-column elementor-col-50 elementor-top-column elementor-element elementor-element-2a01d7f\" data-id=\"2a01d7f\" data-element_type=\"column\" data-e-type=\"column\">\n\t\t\t<div class=\"elementor-widget-wrap elementor-element-populated\">\n\t\t\t\t\t\t<div class=\"elementor-element elementor-element-6ec4b15 elementor-invisible elementor-widget elementor-widget-image\" data-id=\"6ec4b15\" data-element_type=\"widget\" data-e-type=\"widget\" data-settings=\"{&quot;_animation&quot;:&quot;bounce&quot;}\" data-widget_type=\"image.default\">\n\t\t\t\t<div class=\"elementor-widget-container\">\n\t\t\t\t\t\t\t\t\t\t\t\t\t\t\t<img loading=\"lazy\" decoding=\"async\" width=\"1991\" height=\"1806\" src=\"https:\/\/dust2air.com\/wp-content\/uploads\/2021\/11\/boot.png\" class=\"attachment-full size-full wp-image-188\" alt=\"\" srcset=\"https:\/\/dust2air.com\/wp-content\/uploads\/2021\/11\/boot.png 1991w, https:\/\/dust2air.com\/wp-content\/uploads\/2021\/11\/boot-600x544.png 600w, https:\/\/dust2air.com\/wp-content\/uploads\/2021\/11\/boot-300x272.png 300w, https:\/\/dust2air.com\/wp-content\/uploads\/2021\/11\/boot-1024x929.png 1024w, https:\/\/dust2air.com\/wp-content\/uploads\/2021\/11\/boot-768x697.png 768w, https:\/\/dust2air.com\/wp-content\/uploads\/2021\/11\/boot-1536x1393.png 1536w\" sizes=\"(max-width: 1991px) 100vw, 1991px\" \/>\t\t\t\t\t\t\t\t\t\t\t\t\t\t\t<\/div>\n\t\t\t\t<\/div>\n\t\t\t\t\t<\/div>\n\t\t<\/div>\n\t\t\t\t<div class=\"elementor-column elementor-col-50 elementor-top-column elementor-element elementor-element-f7b82e3\" data-id=\"f7b82e3\" data-element_type=\"column\" data-e-type=\"column\">\n\t\t\t<div class=\"elementor-widget-wrap elementor-element-populated\">\n\t\t\t\t\t\t<div class=\"elementor-element elementor-element-49a4878 elementor-invisible elementor-widget elementor-widget-heading\" data-id=\"49a4878\" data-element_type=\"widget\" data-e-type=\"widget\" data-settings=\"{&quot;_animation&quot;:&quot;fadeIn&quot;}\" data-widget_type=\"heading.default\">\n\t\t\t\t<div class=\"elementor-widget-container\">\n\t\t\t\t\t<h2 class=\"elementor-heading-title elementor-size-default\">Herbruikbare overschoen van hoge kwaliteit<\/h2>\t\t\t\t<\/div>\n\t\t\t\t<\/div>\n\t\t\t\t<div class=\"elementor-element elementor-element-3011147 elementor-widget elementor-widget-text-editor\" data-id=\"3011147\" data-element_type=\"widget\" data-e-type=\"widget\" data-widget_type=\"text-editor.default\">\n\t\t\t\t<div class=\"elementor-widget-container\">\n\t\t\t\t\t\t\t\t\t<p>De originele CleanBoot\u00ae - Professionele, milieuvriendelijke en veilige manier om de reputatie van uw bedrijf te versterken. Gemaakt van 100% zuiver neopreen dat veilige en naadloze tractie garandeert op alle soorten oppervlakken.<\/p>\t\t\t\t\t\t\t\t<\/div>\n\t\t\t\t<\/div>\n\t\t\t\t<div class=\"elementor-element elementor-element-2174dff elementor-align-left elementor-widget__width-auto elementor-widget elementor-widget-button\" data-id=\"2174dff\" data-element_type=\"widget\" data-e-type=\"widget\" data-widget_type=\"button.default\">\n\t\t\t\t<div class=\"elementor-widget-container\">\n\t\t\t\t\t\t\t\t\t<div class=\"elementor-button-wrapper\">\n\t\t\t\t\t<a class=\"elementor-button elementor-button-link elementor-size-sm\" href=\"https:\/\/dust2air.com\/nl\/cleanboot\/\">\n\t\t\t\t\t\t<span class=\"elementor-button-content-wrapper\">\n\t\t\t\t\t\t\t\t\t<span class=\"elementor-button-text\">Meer over de CleanBoot<\/span>\n\t\t\t\t\t<\/span>\n\t\t\t\t\t<\/a>\n\t\t\t\t<\/div>\n\t\t\t\t\t\t\t\t<\/div>\n\t\t\t\t<\/div>\n\t\t\t\t\t<\/div>\n\t\t<\/div>\n\t\t\t\t\t<\/div>\n\t\t<\/section>\n\t\t\t\t<section class=\"elementor-section elementor-top-section elementor-element elementor-element-957f9a3 elementor-section-boxed elementor-section-height-default elementor-section-height-default\" data-id=\"957f9a3\" data-element_type=\"section\" data-e-type=\"section\">\n\t\t\t\t\t\t<div class=\"elementor-container elementor-column-gap-default\">\n\t\t\t\t\t<div class=\"elementor-column elementor-col-50 elementor-top-column elementor-element elementor-element-0f79c84\" data-id=\"0f79c84\" data-element_type=\"column\" data-e-type=\"column\">\n\t\t\t<div class=\"elementor-widget-wrap elementor-element-populated\">\n\t\t\t\t\t\t<div class=\"elementor-element elementor-element-587eb2d elementor-invisible elementor-widget elementor-widget-heading\" data-id=\"587eb2d\" data-element_type=\"widget\" data-e-type=\"widget\" data-settings=\"{&quot;_animation&quot;:&quot;fadeIn&quot;}\" data-widget_type=\"heading.default\">\n\t\t\t\t<div class=\"elementor-widget-container\">\n\t\t\t\t\t<h2 class=\"elementor-heading-title elementor-size-default\">Een milieuvriendelijk alternatief voor plastic zeilen<\/h2>\t\t\t\t<\/div>\n\t\t\t\t<\/div>\n\t\t\t\t<div class=\"elementor-element elementor-element-6002018 elementor-widget elementor-widget-text-editor\" data-id=\"6002018\" data-element_type=\"widget\" data-e-type=\"widget\" data-widget_type=\"text-editor.default\">\n\t\t\t\t<div class=\"elementor-widget-container\">\n\t\t\t\t\t\t\t\t\t<p>ZipFast\u2122 herbruikbare barri\u00e8repanelen ritsen snel in elkaar tot ze passen bij de grootte van de klus. Gemaakt van hightech stof zijn deze in de wasmachine wasbare panelen klaar voor gebruik - meten of knippen is niet nodig!<\/p><p>Het ZipFast\u2122 multi-pack is de perfecte starterskit. Het bevat drie panelen van 152 cm breed, \u00e9\u00e9n paneel van 76 cm breed dat als deur kan worden gebruikt en een ZipFast\u2122 draagtas. Alle panelen zijn 3,6 m hoog. Palen zijn niet inbegrepen.<\/p>\t\t\t\t\t\t\t\t<\/div>\n\t\t\t\t<\/div>\n\t\t\t\t<div class=\"elementor-element elementor-element-c6ef89a elementor-align-left elementor-widget__width-auto elementor-widget elementor-widget-button\" data-id=\"c6ef89a\" data-element_type=\"widget\" data-e-type=\"widget\" data-widget_type=\"button.default\">\n\t\t\t\t<div class=\"elementor-widget-container\">\n\t\t\t\t\t\t\t\t\t<div class=\"elementor-button-wrapper\">\n\t\t\t\t\t<a class=\"elementor-button elementor-button-link elementor-size-sm\" href=\"https:\/\/dust2air.com\/nl\/zipwall\/\">\n\t\t\t\t\t\t<span class=\"elementor-button-content-wrapper\">\n\t\t\t\t\t\t\t\t\t<span class=\"elementor-button-text\">Meer informatie<\/span>\n\t\t\t\t\t<\/span>\n\t\t\t\t\t<\/a>\n\t\t\t\t<\/div>\n\t\t\t\t\t\t\t\t<\/div>\n\t\t\t\t<\/div>\n\t\t\t\t\t<\/div>\n\t\t<\/div>\n\t\t\t\t<div class=\"elementor-column elementor-col-50 elementor-top-column elementor-element elementor-element-be73b84\" data-id=\"be73b84\" data-element_type=\"column\" data-e-type=\"column\">\n\t\t\t<div class=\"elementor-widget-wrap elementor-element-populated\">\n\t\t\t\t\t\t<div class=\"elementor-element elementor-element-3eb81c5 elementor-widget elementor-widget-image\" data-id=\"3eb81c5\" data-element_type=\"widget\" data-e-type=\"widget\" data-widget_type=\"image.default\">\n\t\t\t\t<div class=\"elementor-widget-container\">\n\t\t\t\t\t\t\t\t\t\t\t\t\t\t\t<img loading=\"lazy\" decoding=\"async\" width=\"480\" height=\"480\" src=\"https:\/\/dust2air.com\/wp-content\/uploads\/2022\/01\/zipwall.jpg\" class=\"attachment-full size-full wp-image-266\" alt=\"\" srcset=\"https:\/\/dust2air.com\/wp-content\/uploads\/2022\/01\/zipwall.jpg 480w, https:\/\/dust2air.com\/wp-content\/uploads\/2022\/01\/zipwall-300x300.jpg 300w, https:\/\/dust2air.com\/wp-content\/uploads\/2022\/01\/zipwall-100x100.jpg 100w, https:\/\/dust2air.com\/wp-content\/uploads\/2022\/01\/zipwall-150x150.jpg 150w\" sizes=\"(max-width: 480px) 100vw, 480px\" \/>\t\t\t\t\t\t\t\t\t\t\t\t\t\t\t<\/div>\n\t\t\t\t<\/div>\n\t\t\t\t\t<\/div>\n\t\t<\/div>\n\t\t\t\t\t<\/div>\n\t\t<\/section>\n\t\t\t\t<\/div>","protected":false},"excerpt":{"rendered":"<p>Set up a dust barrier in minutes,no ladders, no tape, no damage. Set up a dust barrier in minutes, no ladders, no tape, no damage. Our products Get in contact The ZipWall\u00a0\u00ae\u00a0spring-loadedpoles create a dust barrier up to 6,1m high. Tightly sealing all sides of the barrier takes seconds with FoamRailTM tapeless seals. The ZipWall\u00ae [&hellip;]<\/p>\n","protected":false},"author":1,"featured_media":0,"parent":0,"menu_order":0,"comment_status":"closed","ping_status":"closed","template":"","meta":{"_joinchat":[],"footnotes":""},"class_list":["post-10","page","type-page","status-publish","hentry"],"_links":{"self":[{"href":"https:\/\/dust2air.com\/nl\/wp-json\/wp\/v2\/pages\/10","targetHints":{"allow":["GET"]}}],"collection":[{"href":"https:\/\/dust2air.com\/nl\/wp-json\/wp\/v2\/pages"}],"about":[{"href":"https:\/\/dust2air.com\/nl\/wp-json\/wp\/v2\/types\/page"}],"author":[{"embeddable":true,"href":"https:\/\/dust2air.com\/nl\/wp-json\/wp\/v2\/users\/1"}],"replies":[{"embeddable":true,"href":"https:\/\/dust2air.com\/nl\/wp-json\/wp\/v2\/comments?post=10"}],"version-history":[{"count":217,"href":"https:\/\/dust2air.com\/nl\/wp-json\/wp\/v2\/pages\/10\/revisions"}],"predecessor-version":[{"id":630,"href":"https:\/\/dust2air.com\/nl\/wp-json\/wp\/v2\/pages\/10\/revisions\/630"}],"wp:attachment":[{"href":"https:\/\/dust2air.com\/nl\/wp-json\/wp\/v2\/media?parent=10"}],"curies":[{"name":"wp","href":"https:\/\/api.w.org\/{rel}","templated":true}]}}