{"id":840,"date":"2026-03-01T18:18:04","date_gmt":"2026-03-01T17:18:04","guid":{"rendered":"https:\/\/dust2air.com\/?post_type=product&#038;p=840"},"modified":"2026-03-01T18:18:04","modified_gmt":"2026-03-01T17:18:04","slug":"dust-control-set-dfv4500lsau","status":"publish","type":"product","link":"https:\/\/dust2air.com\/de\/produkt\/dust-control-set-dfv4500lsau\/","title":{"rendered":"Staubkontrollset DFV4500LSAU"},"content":{"rendered":"<h2>Dieses Set besteht aus:<\/h2>\n<ul>\n<li><u>DFV4500<\/u>\u00a0Axialventilator mit Kipprahmen<\/li>\n<li>Staubsaugerbeutel\u00a0<u>SZ3\/450<\/u>. Filterklasse F7 \/ EU 7 einschlie\u00dflich Spannband<\/li>\n<li><u>Luftschlauch<\/u>\u00a0\u00d8 450 mm 5 oder 10m einschlie\u00dflich Spannband<\/li>\n<li>Fakultativ -\u00a0<u>Vorfilterbeutel<\/u>. Er verl\u00e4ngert die Lebensdauer des Staubsaugerbeutels<\/li>\n<\/ul>\n<h2>Anwendungen<\/h2>\n<p>Das Staubkontrollset DFV4500LSAU ist ideal f\u00fcr den Einsatz in der Bau- und Renovierungsbranche. Es hilft bei der Staubkontrolle beim S\u00e4gen, Schleifen, Fr\u00e4sen, Abbruch und bei Renovierungsarbeiten.<\/p>","protected":false},"excerpt":{"rendered":"<p>Das DFV4500LSAU Staubkontrollset bietet eine effiziente L\u00f6sung f\u00fcr die Staubkontrolle im Bau- und Renovierungsbereich. Dieser professionelle Axialventilator\u00a0<u>DFV4500<\/u>\u00a0hat einen 3-Stufen-Schalter und einen kippbaren Rahmen. Mit Hilfe von zwei Schlauchanschlusskonen (<u>SA4500\/450<\/u>) und den mitgelieferten Spanngurten lassen sich der Staubbeutel und der Luftschlauch leicht anschlie\u00dfen.<\/p>","protected":false},"featured_media":841,"comment_status":"closed","ping_status":"closed","template":"","meta":{"_joinchat":[]},"product_brand":[],"product_cat":[22],"product_tag":[],"class_list":{"0":"post-840","1":"product","2":"type-product","3":"status-publish","4":"has-post-thumbnail","6":"product_cat-dust-control-and-air-purification","8":"first","9":"instock","10":"shipping-taxable","11":"product-type-simple"},"_links":{"self":[{"href":"https:\/\/dust2air.com\/de\/wp-json\/wp\/v2\/product\/840","targetHints":{"allow":["GET"]}}],"collection":[{"href":"https:\/\/dust2air.com\/de\/wp-json\/wp\/v2\/product"}],"about":[{"href":"https:\/\/dust2air.com\/de\/wp-json\/wp\/v2\/types\/product"}],"replies":[{"embeddable":true,"href":"https:\/\/dust2air.com\/de\/wp-json\/wp\/v2\/comments?post=840"}],"wp:featuredmedia":[{"embeddable":true,"href":"https:\/\/dust2air.com\/de\/wp-json\/wp\/v2\/media\/841"}],"wp:attachment":[{"href":"https:\/\/dust2air.com\/de\/wp-json\/wp\/v2\/media?parent=840"}],"wp:term":[{"taxonomy":"product_brand","embeddable":true,"href":"https:\/\/dust2air.com\/de\/wp-json\/wp\/v2\/product_brand?post=840"},{"taxonomy":"product_cat","embeddable":true,"href":"https:\/\/dust2air.com\/de\/wp-json\/wp\/v2\/product_cat?post=840"},{"taxonomy":"product_tag","embeddable":true,"href":"https:\/\/dust2air.com\/de\/wp-json\/wp\/v2\/product_tag?post=840"}],"curies":[{"name":"wp","href":"https:\/\/api.w.org\/{rel}","templated":true}]}}