{"id":833,"date":"2026-03-01T18:15:17","date_gmt":"2026-03-01T17:15:17","guid":{"rendered":"https:\/\/dust2air.com\/?post_type=product&#038;p=833"},"modified":"2026-03-01T18:15:17","modified_gmt":"2026-03-01T17:15:17","slug":"axial-fan-dfv4500hp","status":"publish","type":"product","link":"https:\/\/dust2air.com\/de\/produkt\/axial-fan-dfv4500hp\/","title":{"rendered":"Axialventilator DFV4500HP"},"content":{"rendered":"<h2>Wesentliche Merkmale<\/h2>\n<ul>\n<li>Dank der h\u00f6heren Drehzahl und der speziell entwickelten Ventilatorfl\u00fcgel bietet der DFV4500HP einen beeindruckenden Luftdruck von 159 Pa und einen maximalen Luftstrom von 4800 m\u00b3\/Stunde. Trotz dieser Leistung hat der Ventilator einen Verbrauch von nur 0,27 kW, was zu einem effizienten Betrieb mit niedrigen Energiekosten f\u00fchrt.<\/li>\n<li>Die hohe Verarbeitungsqualit\u00e4t gew\u00e4hrleistet, dass der Ventilator ideal f\u00fcr den Vermietungsmarkt und die Bauindustrie geeignet ist und mit gutem Gewissen f\u00fcr die unten aufgef\u00fchrten Anwendungen eingesetzt werden kann.<\/li>\n<\/ul>\n<h2>\nAnwendungen<\/h2>\n<p>Dank seines hohen Drucks ist der DFV4500HP ideal f\u00fcr den Einsatz in Kombination mit Schl\u00e4uchen und einem Staubsaugerbeutel geeignet (dazu m\u00fcssen Sie die optionalen Schlauchadapter verwenden\u00a0<u>SA4500<\/u>), wodurch sich der Ventilator sehr gut f\u00fcr die Staubbek\u00e4mpfung, die vor\u00fcbergehende Absaugung von schlechten D\u00e4mpfen und die Bel\u00fcftung von geschlossenen R\u00e4umen eignet. Dank seiner hohen IP-Klasse ist der Ventilator auch f\u00fcr den Einsatz im maritimen, landwirtschaftlichen und industriellen Bereich bestens geeignet.<\/p>\n<p><strong>Suchen Sie nach industriellen L\u00f6sungen?\u00a0<\/strong><br \/>\nBesuchen Sie unser\u00a0<u>Industrieventilatoren<\/u>\u00a0(einschlie\u00dflich\u00a0<u>ATEX<\/u>).<\/p>","protected":false},"excerpt":{"rendered":"<p>Der Axialventilator DFV4500HP ist ein professioneller Hochdruck-Axialventilator, der in den Niederlanden entwickelt und hergestellt wird.\u00a0<a href=\"https:\/\/dryfast.eu\/en\/axial-fan-dfv4500\/\"><u>DFV4500<\/u><\/a>, Dieses Modell ist f\u00fcr Anwendungen optimiert, bei denen ein hoher Luftdruck erforderlich ist.<\/p>","protected":false},"featured_media":834,"comment_status":"closed","ping_status":"closed","template":"","meta":{"_joinchat":[]},"product_brand":[],"product_cat":[24],"product_tag":[],"class_list":{"0":"post-833","1":"product","2":"type-product","3":"status-publish","4":"has-post-thumbnail","6":"product_cat-ventilation","8":"first","9":"instock","10":"shipping-taxable","11":"product-type-simple"},"_links":{"self":[{"href":"https:\/\/dust2air.com\/de\/wp-json\/wp\/v2\/product\/833","targetHints":{"allow":["GET"]}}],"collection":[{"href":"https:\/\/dust2air.com\/de\/wp-json\/wp\/v2\/product"}],"about":[{"href":"https:\/\/dust2air.com\/de\/wp-json\/wp\/v2\/types\/product"}],"replies":[{"embeddable":true,"href":"https:\/\/dust2air.com\/de\/wp-json\/wp\/v2\/comments?post=833"}],"wp:featuredmedia":[{"embeddable":true,"href":"https:\/\/dust2air.com\/de\/wp-json\/wp\/v2\/media\/834"}],"wp:attachment":[{"href":"https:\/\/dust2air.com\/de\/wp-json\/wp\/v2\/media?parent=833"}],"wp:term":[{"taxonomy":"product_brand","embeddable":true,"href":"https:\/\/dust2air.com\/de\/wp-json\/wp\/v2\/product_brand?post=833"},{"taxonomy":"product_cat","embeddable":true,"href":"https:\/\/dust2air.com\/de\/wp-json\/wp\/v2\/product_cat?post=833"},{"taxonomy":"product_tag","embeddable":true,"href":"https:\/\/dust2air.com\/de\/wp-json\/wp\/v2\/product_tag?post=833"}],"curies":[{"name":"wp","href":"https:\/\/api.w.org\/{rel}","templated":true}]}}