{"id":813,"date":"2026-03-01T18:08:33","date_gmt":"2026-03-01T17:08:33","guid":{"rendered":"https:\/\/dust2air.com\/?post_type=product&#038;p=813"},"modified":"2026-03-01T18:08:33","modified_gmt":"2026-03-01T17:08:33","slug":"radial-fan-drf1250","status":"publish","type":"product","link":"https:\/\/dust2air.com\/de\/produkt\/radial-fan-drf1250\/","title":{"rendered":"Radialventilator DRF1250"},"content":{"rendered":"<h2>Wesentliche Merkmale<\/h2>\n<ul>\n<li>Mit einer Luftleistung von 950 m\u00b3\/h und einem maximalen Luftdruck von 105 Pa bietet der DRF1250 zuverl\u00e4ssige Leistung f\u00fcr eine Vielzahl von Anwendungen.<\/li>\n<li>Leicht und einfach zu transportieren, so dass es flexibel an verschiedenen Orten eingesetzt werden kann.<\/li>\n<li>Kompaktes Design mit minimalem Platzbedarf.<\/li>\n<li>Kann in vier verschiedenen Ausblaspositionen f\u00fcr einen gezielten Luftstrom verwendet werden.<\/li>\n<li>Energieeffizient mit einem Verbrauch von nur 0,18 kW.<\/li>\n<\/ul>\n<h2>Anwendungen<\/h2>\n<p>Der DRF1250 ist ideal f\u00fcr den Einsatz nach Wassersch\u00e4den, zur Unterst\u00fctzung der Trocknung bei Renovierungs- und\/oder Bauarbeiten und zur gezielten K\u00fchlung.<\/p>","protected":false},"excerpt":{"rendered":"<p>Der Radialventilator DRF1250 ist eine kompakte und dennoch leistungsstarke L\u00f6sung zur Verbesserung der Luftqualit\u00e4t und zur Beschleunigung von Trocknungsprozessen in verschiedenen Umgebungen. Dank seines robusten Designs und seiner flexiblen Einsatzm\u00f6glichkeiten ist dieser Ventilator ideal f\u00fcr den professionellen Einsatz.<\/p>","protected":false},"featured_media":814,"comment_status":"closed","ping_status":"closed","template":"","meta":{"_joinchat":[]},"product_brand":[],"product_cat":[24],"product_tag":[],"class_list":{"0":"post-813","1":"product","2":"type-product","3":"status-publish","4":"has-post-thumbnail","6":"product_cat-ventilation","8":"first","9":"instock","10":"shipping-taxable","11":"product-type-simple"},"_links":{"self":[{"href":"https:\/\/dust2air.com\/de\/wp-json\/wp\/v2\/product\/813","targetHints":{"allow":["GET"]}}],"collection":[{"href":"https:\/\/dust2air.com\/de\/wp-json\/wp\/v2\/product"}],"about":[{"href":"https:\/\/dust2air.com\/de\/wp-json\/wp\/v2\/types\/product"}],"replies":[{"embeddable":true,"href":"https:\/\/dust2air.com\/de\/wp-json\/wp\/v2\/comments?post=813"}],"wp:featuredmedia":[{"embeddable":true,"href":"https:\/\/dust2air.com\/de\/wp-json\/wp\/v2\/media\/814"}],"wp:attachment":[{"href":"https:\/\/dust2air.com\/de\/wp-json\/wp\/v2\/media?parent=813"}],"wp:term":[{"taxonomy":"product_brand","embeddable":true,"href":"https:\/\/dust2air.com\/de\/wp-json\/wp\/v2\/product_brand?post=813"},{"taxonomy":"product_cat","embeddable":true,"href":"https:\/\/dust2air.com\/de\/wp-json\/wp\/v2\/product_cat?post=813"},{"taxonomy":"product_tag","embeddable":true,"href":"https:\/\/dust2air.com\/de\/wp-json\/wp\/v2\/product_tag?post=813"}],"curies":[{"name":"wp","href":"https:\/\/api.w.org\/{rel}","templated":true}]}}