{"id":805,"date":"2026-03-01T18:05:59","date_gmt":"2026-03-01T17:05:59","guid":{"rendered":"https:\/\/dust2air.com\/?post_type=product&#038;p=805"},"modified":"2026-03-01T18:05:59","modified_gmt":"2026-03-01T17:05:59","slug":"axial-fan-dwm35000","status":"publish","type":"product","link":"https:\/\/dust2air.com\/de\/produkt\/axial-fan-dwm35000\/","title":{"rendered":"Axiall\u00fcfter DWM35000"},"content":{"rendered":"<h2>Wesentliche Merkmale<\/h2>\n<ul>\n<li>Mit einer Luftleistung von bis zu 32.400 m\u00b3\/h und einem starken Luftdruck sorgt der DWM35000 f\u00fcr eine schnelle und effektive Bel\u00fcftung in gro\u00dfen R\u00e4umen.<\/li>\n<li>Der einstellbare Neigungswinkel von vertikal bis horizontal erm\u00f6glicht einen gezielten, auf die Anwendung zugeschnittenen Luftstrom.<\/li>\n<li>Ausgestattet mit R\u00e4dern f\u00fcr einfachen Transport und flexiblen Einsatz an verschiedenen Orten.<\/li>\n<li>Hergestellt aus hochwertigen Materialien f\u00fcr den langfristigen Einsatz.<\/li>\n<\/ul>\n<h2>Anwendungen<\/h2>\n<p>Der DWM35000 ist ideal f\u00fcr den Einsatz in der Landwirtschaft (sofern keine korrosiven oder \u00e4tzenden D\u00e4mpfe vorhanden sind), in der Industrie, in Produktionshallen und bei Veranstaltungen.<\/p>\n<p>Dank seiner hohen Kapazit\u00e4t eignet er sich hervorragend f\u00fcr die Produkttrocknung, die Prozessk\u00fchlung und die Bel\u00fcftung und K\u00fchlung gro\u00dfer Arbeitsbereiche.<\/p>","protected":false},"excerpt":{"rendered":"<p>Der Axialventilator DWM35000 ist der gr\u00f6\u00dfte Ventilator unserer DWM-Serie und eine vielseitige L\u00f6sung f\u00fcr den Innen- und Au\u00dfeneinsatz. Dieser Ventilator ist f\u00fcr professionelle Anwendungen konzipiert, bei denen ein hohes Luftvolumen erforderlich ist.<\/p>","protected":false},"featured_media":806,"comment_status":"closed","ping_status":"closed","template":"","meta":{"_joinchat":[]},"product_brand":[],"product_cat":[24],"product_tag":[],"class_list":{"0":"post-805","1":"product","2":"type-product","3":"status-publish","4":"has-post-thumbnail","6":"product_cat-ventilation","8":"first","9":"instock","10":"shipping-taxable","11":"product-type-simple"},"_links":{"self":[{"href":"https:\/\/dust2air.com\/de\/wp-json\/wp\/v2\/product\/805","targetHints":{"allow":["GET"]}}],"collection":[{"href":"https:\/\/dust2air.com\/de\/wp-json\/wp\/v2\/product"}],"about":[{"href":"https:\/\/dust2air.com\/de\/wp-json\/wp\/v2\/types\/product"}],"replies":[{"embeddable":true,"href":"https:\/\/dust2air.com\/de\/wp-json\/wp\/v2\/comments?post=805"}],"wp:featuredmedia":[{"embeddable":true,"href":"https:\/\/dust2air.com\/de\/wp-json\/wp\/v2\/media\/806"}],"wp:attachment":[{"href":"https:\/\/dust2air.com\/de\/wp-json\/wp\/v2\/media?parent=805"}],"wp:term":[{"taxonomy":"product_brand","embeddable":true,"href":"https:\/\/dust2air.com\/de\/wp-json\/wp\/v2\/product_brand?post=805"},{"taxonomy":"product_cat","embeddable":true,"href":"https:\/\/dust2air.com\/de\/wp-json\/wp\/v2\/product_cat?post=805"},{"taxonomy":"product_tag","embeddable":true,"href":"https:\/\/dust2air.com\/de\/wp-json\/wp\/v2\/product_tag?post=805"}],"curies":[{"name":"wp","href":"https:\/\/api.w.org\/{rel}","templated":true}]}}