{"id":794,"date":"2026-02-02T18:00:13","date_gmt":"2026-02-02T17:00:13","guid":{"rendered":"https:\/\/dust2air.com\/?post_type=product&#038;p=794"},"modified":"2026-03-01T18:02:37","modified_gmt":"2026-03-01T17:02:37","slug":"mobile-dehumidifier-dmd180","status":"publish","type":"product","link":"https:\/\/dust2air.com\/de\/produkt\/mobile-dehumidifier-dmd180\/","title":{"rendered":"Mobiler Luftentfeuchter DMD180"},"content":{"rendered":"<h2>Wesentliche Merkmale<\/h2>\n<ul>\n<li>Der DMD180 liefert eine hohe Kapazit\u00e4t von 52 Litern pro 24h.<\/li>\n<li>Durch die Verwendung hochwertiger Komponenten und Materialien ist das DMD180 f\u00fcr den Dauereinsatz geeignet.<\/li>\n<li>Ausgestattet mit einem Betriebsstundenz\u00e4hler.<\/li>\n<li>Dank des Rotationskompressors kann er nach dem Transport sofort und problemlos eingesetzt werden.<\/li>\n<li>Verwendet das K\u00e4ltemittel R290 mit einem sehr niedrigen GWP-Wert von 3.<\/li>\n<li>Eine fakultative\u00a0<u>RH10<\/u>\u00a0Der Pr\u00e4zisions-Raumhygrostat ist f\u00fcr diesen Luftentfeuchter erh\u00e4ltlich und kann einfach eingesteckt werden.<\/li>\n<\/ul>\n<h2>Anwendungen<\/h2>\n<p>Der DMD180 bietet eine hervorragende Leistung und Haltbarkeit bei Bau- und Wassersch\u00e4den. Spezielle Bautrockner finden Sie in unserem\u00a0<u>DF400GK<\/u>\u00a0und\u00a0<u>DF800GK<\/u>\u00a0Bereich.<\/p>","protected":false},"excerpt":{"rendered":"<p>Der mobile Luftentfeuchter DMD180 ist ein hervorragender Universaltrockner mit einer maximalen Entfeuchtungsleistung von 52 l \/ 24h. Dieses leicht zu handhabende und zu bewegende Ger\u00e4t hat einen breiten Anwendungsbereich. Der Anschluss eines optionalen externen Hygrostaten ist m\u00f6glich, um eine konstante Luftfeuchtigkeit zu gew\u00e4hrleisten.  Dank der einfachen Bedienung und des Rotationskompressors ist das Ger\u00e4t auch im Liegen leicht und schnell einsetzbar.<\/p>","protected":false},"featured_media":795,"comment_status":"closed","ping_status":"closed","template":"","meta":{"_joinchat":[]},"product_brand":[],"product_cat":[23],"product_tag":[],"class_list":{"0":"post-794","1":"product","2":"type-product","3":"status-publish","4":"has-post-thumbnail","6":"product_cat-drying","8":"first","9":"instock","10":"shipping-taxable","11":"product-type-simple"},"_links":{"self":[{"href":"https:\/\/dust2air.com\/de\/wp-json\/wp\/v2\/product\/794","targetHints":{"allow":["GET"]}}],"collection":[{"href":"https:\/\/dust2air.com\/de\/wp-json\/wp\/v2\/product"}],"about":[{"href":"https:\/\/dust2air.com\/de\/wp-json\/wp\/v2\/types\/product"}],"replies":[{"embeddable":true,"href":"https:\/\/dust2air.com\/de\/wp-json\/wp\/v2\/comments?post=794"}],"wp:featuredmedia":[{"embeddable":true,"href":"https:\/\/dust2air.com\/de\/wp-json\/wp\/v2\/media\/795"}],"wp:attachment":[{"href":"https:\/\/dust2air.com\/de\/wp-json\/wp\/v2\/media?parent=794"}],"wp:term":[{"taxonomy":"product_brand","embeddable":true,"href":"https:\/\/dust2air.com\/de\/wp-json\/wp\/v2\/product_brand?post=794"},{"taxonomy":"product_cat","embeddable":true,"href":"https:\/\/dust2air.com\/de\/wp-json\/wp\/v2\/product_cat?post=794"},{"taxonomy":"product_tag","embeddable":true,"href":"https:\/\/dust2air.com\/de\/wp-json\/wp\/v2\/product_tag?post=794"}],"curies":[{"name":"wp","href":"https:\/\/api.w.org\/{rel}","templated":true}]}}